{"id":2,"date":"2025-01-05T01:34:45","date_gmt":"2025-01-04T22:34:45","guid":{"rendered":"https:\/\/www.fastestmanga.com\/tr\/?page_id=2"},"modified":"2025-06-25T22:36:52","modified_gmt":"2025-06-25T19:36:52","slug":"ornek-sayfa","status":"publish","type":"page","link":"https:\/\/www.fastestmanga.com\/tr\/","title":{"rendered":"Ana Sayfa &#8211; Webtoon Oku &#8211; Manga Oku"},"content":{"rendered":"<h2><em><strong>En yeni ve en h\u0131zl\u0131 g\u00fcncellenen manga, manhwa ve manhua serilerini T\u00fcrk\u00e7e olarak okuyun. H\u0131zl\u0131 Manga ile en sevdi\u011finiz serilere an\u0131nda eri\u015fin!<br \/>\n<\/strong><\/em><\/h2>\n","protected":false},"excerpt":{"rendered":"<p>En yeni ve en h\u0131zl\u0131 g\u00fcncellenen manga, manhwa ve manhua serilerini T\u00fcrk\u00e7e olarak okuyun. H\u0131zl\u0131 Manga ile en sevdi\u011finiz serilere an\u0131nda eri\u015fin!<\/p>\n","protected":false},"author":1,"featured_media":0,"parent":10,"menu_order":0,"comment_status":"closed","ping_status":"open","template":"page-templates\/front-page.php","meta":{"footnotes":""},"class_list":["post-2","page","type-page","status-publish","hentry"],"yoast_head":"<!-- This site is optimized with the Yoast SEO plugin v27.0 - https:\/\/yoast.com\/product\/yoast-seo-wordpress\/ -->\n<title>Ana Sayfa - Webtoon Oku - Manga Oku - H\u0131zl\u0131 Manga Oku<\/title>\n<meta name=\"description\" content=\"En yeni ve en h\u0131zl\u0131 g\u00fcncellenen manga, manhwa ve manhua serilerini T\u00fcrk\u00e7e olarak okuyun. H\u0131zl\u0131 Manga ile en sevdi\u011finiz serilere an\u0131nda eri\u015fin!\" \/>\n<meta name=\"robots\" content=\"index, follow, max-snippet:-1, max-image-preview:large, max-video-preview:-1\" \/>\n<link rel=\"canonical\" href=\"https:\/\/www.fastestmanga.com\/tr\/\" \/>\n<meta property=\"og:locale\" content=\"tr_TR\" \/>\n<meta property=\"og:type\" content=\"article\" \/>\n<meta property=\"og:title\" content=\"Ana Sayfa - Webtoon Oku - Manga Oku - H\u0131zl\u0131 Manga Oku\" \/>\n<meta property=\"og:description\" content=\"En yeni ve en h\u0131zl\u0131 g\u00fcncellenen manga, manhwa ve manhua serilerini T\u00fcrk\u00e7e olarak okuyun. H\u0131zl\u0131 Manga ile en sevdi\u011finiz serilere an\u0131nda eri\u015fin!\" \/>\n<meta property=\"og:url\" content=\"https:\/\/www.fastestmanga.com\/tr\/\" \/>\n<meta property=\"og:site_name\" content=\"H\u0131zl\u0131 Manga Oku\" \/>\n<meta property=\"article:modified_time\" content=\"2025-06-25T19:36:52+00:00\" \/>\n<meta name=\"twitter:card\" content=\"summary_large_image\" \/>\n<meta name=\"twitter:label1\" content=\"Tahmini okuma s\u00fcresi\" \/>\n\t<meta name=\"twitter:data1\" content=\"1 dakika\" \/>\n<script type=\"application\/ld+json\" class=\"yoast-schema-graph\">{\"@context\":\"https:\/\/schema.org\",\"@graph\":[{\"@type\":\"WebPage\",\"@id\":\"https:\/\/www.fastestmanga.com\/tr\/\",\"url\":\"https:\/\/www.fastestmanga.com\/tr\/\",\"name\":\"Ana Sayfa - Webtoon Oku - Manga Oku - H\u0131zl\u0131 Manga Oku\",\"isPartOf\":{\"@id\":\"https:\/\/www.fastestmanga.com\/tr\/#website\"},\"datePublished\":\"2025-01-04T22:34:45+00:00\",\"dateModified\":\"2025-06-25T19:36:52+00:00\",\"description\":\"En yeni ve en h\u0131zl\u0131 g\u00fcncellenen manga, manhwa ve manhua serilerini T\u00fcrk\u00e7e olarak okuyun. H\u0131zl\u0131 Manga ile en sevdi\u011finiz serilere an\u0131nda eri\u015fin!\",\"breadcrumb\":{\"@id\":\"https:\/\/www.fastestmanga.com\/tr\/#breadcrumb\"},\"inLanguage\":\"tr\",\"potentialAction\":[{\"@type\":\"ReadAction\",\"target\":[\"https:\/\/www.fastestmanga.com\/tr\/\"]}]},{\"@type\":\"BreadcrumbList\",\"@id\":\"https:\/\/www.fastestmanga.com\/tr\/#breadcrumb\",\"itemListElement\":[{\"@type\":\"ListItem\",\"position\":1,\"name\":\"Anasayfa\",\"item\":\"https:\/\/www.fastestmanga.com\/tr\/\"},{\"@type\":\"ListItem\",\"position\":2,\"name\":\"Manga\",\"item\":\"https:\/\/www.fastestmanga.com\/tr\/manga\/\"},{\"@type\":\"ListItem\",\"position\":3,\"name\":\"Ana Sayfa &#8211; Webtoon Oku &#8211; Manga Oku\"}]},{\"@type\":\"WebSite\",\"@id\":\"https:\/\/www.fastestmanga.com\/tr\/#website\",\"url\":\"https:\/\/www.fastestmanga.com\/tr\/\",\"name\":\"H\u0131zl\u0131 Manga Oku\",\"description\":\"Webtoon Oku - Manga Oku\",\"publisher\":{\"@id\":\"https:\/\/www.fastestmanga.com\/tr\/#organization\"},\"potentialAction\":[{\"@type\":\"SearchAction\",\"target\":{\"@type\":\"EntryPoint\",\"urlTemplate\":\"https:\/\/www.fastestmanga.com\/tr\/?s={search_term_string}\"},\"query-input\":{\"@type\":\"PropertyValueSpecification\",\"valueRequired\":true,\"valueName\":\"search_term_string\"}}],\"inLanguage\":\"tr\"},{\"@type\":\"Organization\",\"@id\":\"https:\/\/www.fastestmanga.com\/tr\/#organization\",\"name\":\"H\u0131zl\u0131 Manga Oku\",\"url\":\"https:\/\/www.fastestmanga.com\/tr\/\",\"logo\":{\"@type\":\"ImageObject\",\"inLanguage\":\"tr\",\"@id\":\"https:\/\/www.fastestmanga.com\/tr\/#\/schema\/logo\/image\/\",\"url\":\"https:\/\/www.fastestmanga.com\/tr\/wp-content\/uploads\/sites\/2\/2025\/02\/Fastest-Manga.webp\",\"contentUrl\":\"https:\/\/www.fastestmanga.com\/tr\/wp-content\/uploads\/sites\/2\/2025\/02\/Fastest-Manga.webp\",\"width\":442,\"height\":436,\"caption\":\"H\u0131zl\u0131 Manga Oku\"},\"image\":{\"@id\":\"https:\/\/www.fastestmanga.com\/tr\/#\/schema\/logo\/image\/\"}}]}<\/script>\n<!-- \/ Yoast SEO plugin. -->","yoast_head_json":{"title":"Ana Sayfa - Webtoon Oku - Manga Oku - H\u0131zl\u0131 Manga Oku","description":"En yeni ve en h\u0131zl\u0131 g\u00fcncellenen manga, manhwa ve manhua serilerini T\u00fcrk\u00e7e olarak okuyun. H\u0131zl\u0131 Manga ile en sevdi\u011finiz serilere an\u0131nda eri\u015fin!","robots":{"index":"index","follow":"follow","max-snippet":"max-snippet:-1","max-image-preview":"max-image-preview:large","max-video-preview":"max-video-preview:-1"},"canonical":"https:\/\/www.fastestmanga.com\/tr\/","og_locale":"tr_TR","og_type":"article","og_title":"Ana Sayfa - Webtoon Oku - Manga Oku - H\u0131zl\u0131 Manga Oku","og_description":"En yeni ve en h\u0131zl\u0131 g\u00fcncellenen manga, manhwa ve manhua serilerini T\u00fcrk\u00e7e olarak okuyun. H\u0131zl\u0131 Manga ile en sevdi\u011finiz serilere an\u0131nda eri\u015fin!","og_url":"https:\/\/www.fastestmanga.com\/tr\/","og_site_name":"H\u0131zl\u0131 Manga Oku","article_modified_time":"2025-06-25T19:36:52+00:00","twitter_card":"summary_large_image","twitter_misc":{"Tahmini okuma s\u00fcresi":"1 dakika"},"schema":{"@context":"https:\/\/schema.org","@graph":[{"@type":"WebPage","@id":"https:\/\/www.fastestmanga.com\/tr\/","url":"https:\/\/www.fastestmanga.com\/tr\/","name":"Ana Sayfa - Webtoon Oku - Manga Oku - H\u0131zl\u0131 Manga Oku","isPartOf":{"@id":"https:\/\/www.fastestmanga.com\/tr\/#website"},"datePublished":"2025-01-04T22:34:45+00:00","dateModified":"2025-06-25T19:36:52+00:00","description":"En yeni ve en h\u0131zl\u0131 g\u00fcncellenen manga, manhwa ve manhua serilerini T\u00fcrk\u00e7e olarak okuyun. H\u0131zl\u0131 Manga ile en sevdi\u011finiz serilere an\u0131nda eri\u015fin!","breadcrumb":{"@id":"https:\/\/www.fastestmanga.com\/tr\/#breadcrumb"},"inLanguage":"tr","potentialAction":[{"@type":"ReadAction","target":["https:\/\/www.fastestmanga.com\/tr\/"]}]},{"@type":"BreadcrumbList","@id":"https:\/\/www.fastestmanga.com\/tr\/#breadcrumb","itemListElement":[{"@type":"ListItem","position":1,"name":"Anasayfa","item":"https:\/\/www.fastestmanga.com\/tr\/"},{"@type":"ListItem","position":2,"name":"Manga","item":"https:\/\/www.fastestmanga.com\/tr\/manga\/"},{"@type":"ListItem","position":3,"name":"Ana Sayfa &#8211; Webtoon Oku &#8211; Manga Oku"}]},{"@type":"WebSite","@id":"https:\/\/www.fastestmanga.com\/tr\/#website","url":"https:\/\/www.fastestmanga.com\/tr\/","name":"H\u0131zl\u0131 Manga Oku","description":"Webtoon Oku - Manga Oku","publisher":{"@id":"https:\/\/www.fastestmanga.com\/tr\/#organization"},"potentialAction":[{"@type":"SearchAction","target":{"@type":"EntryPoint","urlTemplate":"https:\/\/www.fastestmanga.com\/tr\/?s={search_term_string}"},"query-input":{"@type":"PropertyValueSpecification","valueRequired":true,"valueName":"search_term_string"}}],"inLanguage":"tr"},{"@type":"Organization","@id":"https:\/\/www.fastestmanga.com\/tr\/#organization","name":"H\u0131zl\u0131 Manga Oku","url":"https:\/\/www.fastestmanga.com\/tr\/","logo":{"@type":"ImageObject","inLanguage":"tr","@id":"https:\/\/www.fastestmanga.com\/tr\/#\/schema\/logo\/image\/","url":"https:\/\/www.fastestmanga.com\/tr\/wp-content\/uploads\/sites\/2\/2025\/02\/Fastest-Manga.webp","contentUrl":"https:\/\/www.fastestmanga.com\/tr\/wp-content\/uploads\/sites\/2\/2025\/02\/Fastest-Manga.webp","width":442,"height":436,"caption":"H\u0131zl\u0131 Manga Oku"},"image":{"@id":"https:\/\/www.fastestmanga.com\/tr\/#\/schema\/logo\/image\/"}}]}},"_links":{"self":[{"href":"https:\/\/www.fastestmanga.com\/tr\/wp-json\/wp\/v2\/pages\/2","targetHints":{"allow":["GET"]}}],"collection":[{"href":"https:\/\/www.fastestmanga.com\/tr\/wp-json\/wp\/v2\/pages"}],"about":[{"href":"https:\/\/www.fastestmanga.com\/tr\/wp-json\/wp\/v2\/types\/page"}],"author":[{"embeddable":true,"href":"https:\/\/www.fastestmanga.com\/tr\/wp-json\/wp\/v2\/users\/1"}],"replies":[{"embeddable":true,"href":"https:\/\/www.fastestmanga.com\/tr\/wp-json\/wp\/v2\/comments?post=2"}],"version-history":[{"count":0,"href":"https:\/\/www.fastestmanga.com\/tr\/wp-json\/wp\/v2\/pages\/2\/revisions"}],"up":[{"embeddable":true,"href":"https:\/\/www.fastestmanga.com\/tr\/wp-json\/wp\/v2\/pages\/10"}],"wp:attachment":[{"href":"https:\/\/www.fastestmanga.com\/tr\/wp-json\/wp\/v2\/media?parent=2"}],"curies":[{"name":"wp","href":"https:\/\/api.w.org\/{rel}","templated":true}]}}